{"id":1613,"date":"2026-03-20T11:02:44","date_gmt":"2026-03-20T11:02:44","guid":{"rendered":"https:\/\/clutx.eu\/legal-notice\/"},"modified":"2026-03-23T16:23:16","modified_gmt":"2026-03-23T16:23:16","slug":"legal-notice","status":"publish","type":"page","link":"https:\/\/clutx.eu\/en\/legal-notice\/","title":{"rendered":"Legal Notice"},"content":{"rendered":"\t\t<div data-elementor-type=\"wp-post\" data-elementor-id=\"1613\" class=\"elementor elementor-1613 elementor-1277\" data-elementor-post-type=\"page\">\n\t\t\t\t<div class=\"elementor-element elementor-element-c09da99 e-con-full e-flex e-con e-parent\" data-id=\"c09da99\" data-element_type=\"container\" data-e-type=\"container\" data-settings=\"{&quot;background_background&quot;:&quot;video&quot;,&quot;background_video_link&quot;:&quot;https:\\\/\\\/clutx.eu\\\/wp-content\\\/uploads\\\/2026\\\/03\\\/15439670-uhd_3840_2160_30fps.mp4&quot;,&quot;position&quot;:&quot;fixed&quot;}\">\n\t\t<div class=\"elementor-background-video-container elementor-hidden-mobile\">\n\t\t\t\t\t\t\t<video class=\"elementor-background-video-hosted\" role=\"presentation\" autoplay muted playsinline loop><\/video>\n\t\t\t\t\t<\/div>\t\t<\/div>\n\t\t<div class=\"elementor-element elementor-element-c79839d e-con-full e-flex e-con e-parent\" data-id=\"c79839d\" data-element_type=\"container\" data-e-type=\"container\" data-settings=\"{&quot;background_background&quot;:&quot;classic&quot;}\">\n\t\t<div class=\"elementor-element elementor-element-0e8030a estic e-flex e-con-boxed e-con e-child\" data-id=\"0e8030a\" data-element_type=\"container\" data-e-type=\"container\">\n\t\t\t\t\t<div class=\"e-con-inner\">\n\t\t\t\t<div class=\"elementor-element elementor-element-2fd8e05 elementor-absolute elementor-widget elementor-widget-image\" data-id=\"2fd8e05\" data-element_type=\"widget\" data-e-type=\"widget\" data-settings=\"{&quot;_position&quot;:&quot;absolute&quot;}\" data-widget_type=\"image.default\">\n\t\t\t\t\t\t\t\t\t\t\t\t\t\t\t<img fetchpriority=\"high\" decoding=\"async\" width=\"1536\" height=\"1273\" src=\"https:\/\/clutx.eu\/wp-content\/uploads\/2026\/03\/grande-1536x1273.png\" class=\"attachment-1536x1536 size-1536x1536 wp-image-1447\" alt=\"\" srcset=\"https:\/\/clutx.eu\/wp-content\/uploads\/2026\/03\/grande-1536x1273.png 1536w, https:\/\/clutx.eu\/wp-content\/uploads\/2026\/03\/grande-300x249.png 300w, https:\/\/clutx.eu\/wp-content\/uploads\/2026\/03\/grande-1024x849.png 1024w, https:\/\/clutx.eu\/wp-content\/uploads\/2026\/03\/grande-768x637.png 768w, https:\/\/clutx.eu\/wp-content\/uploads\/2026\/03\/grande.png 1894w\" sizes=\"(max-width: 1536px) 100vw, 1536px\" \/>\t\t\t\t\t\t\t\t\t\t\t\t\t\t\t<\/div>\n\t\t\t\t<div class=\"elementor-element elementor-element-96c2612 elementor-widget elementor-widget-heading\" data-id=\"96c2612\" data-element_type=\"widget\" data-e-type=\"widget\" data-widget_type=\"heading.default\">\n\t\t\t\t\t<h1 class=\"elementor-heading-title elementor-size-default\">Legal Notice<\/h1>\t\t\t\t<\/div>\n\t\t\t\t\t<\/div>\n\t\t\t\t<\/div>\n\t\t<div class=\"elementor-element elementor-element-99c6a97 e-flex e-con-boxed e-con e-child\" data-id=\"99c6a97\" data-element_type=\"container\" data-e-type=\"container\" id=\"mas\" data-settings=\"{&quot;background_background&quot;:&quot;classic&quot;}\">\n\t\t\t\t\t<div class=\"e-con-inner\">\n\t\t\t\t<div class=\"elementor-element elementor-element-31fdd1e elementor-widget elementor-widget-heading\" data-id=\"31fdd1e\" data-element_type=\"widget\" data-e-type=\"widget\" data-widget_type=\"heading.default\">\n\t\t\t\t\t<h2 class=\"elementor-heading-title elementor-size-default\">Introduction<\/h2>\t\t\t\t<\/div>\n\t\t\t\t<div class=\"elementor-element elementor-element-d3e2644 elementor-widget elementor-widget-text-editor\" data-id=\"d3e2644\" data-element_type=\"widget\" data-e-type=\"widget\" data-widget_type=\"text-editor.default\">\n\t\t\t\t\t\t\t\t\t<p data-start=\"972\" data-end=\"1092\">In compliance with Law 34\/2002 of July 11 on Information Society Services and Electronic Commerce (LSSI-CE), we hereby provide the following information:<\/p>\t\t\t\t\t\t\t\t<\/div>\n\t\t\t\t<div class=\"elementor-element elementor-element-56d7a57 elementor-widget elementor-widget-heading\" data-id=\"56d7a57\" data-element_type=\"widget\" data-e-type=\"widget\" data-widget_type=\"heading.default\">\n\t\t\t\t\t<h2 class=\"elementor-heading-title elementor-size-default\">Website owner:<\/h2>\t\t\t\t<\/div>\n\t\t\t\t<div class=\"elementor-element elementor-element-432c0b1 elementor-widget elementor-widget-text-editor\" data-id=\"432c0b1\" data-element_type=\"widget\" data-e-type=\"widget\" data-widget_type=\"text-editor.default\">\n\t\t\t\t\t\t\t\t\t<ul><li>Company Name: CLUTX IT SOLUTIONS SL<\/li><li>Registered office: 53 Llobregat Street, 08758, Barcelona<\/li><li>CIF: <span data-olk-copy-source=\"MessageBody\">B67022772<\/span><\/li><li>Contact phone number: <a href=\"tel:+34%20902%2075%2074%2073\">(+34) 902 75 74 73<\/a><\/li><li>contact E-mail: <a href=\"mailto:clutx@clutx.com\">clutx@clutx.com<\/a><\/li><\/ul>\t\t\t\t\t\t\t\t<\/div>\n\t\t\t\t<div class=\"elementor-element elementor-element-e98c0fb elementor-widget elementor-widget-heading\" data-id=\"e98c0fb\" data-element_type=\"widget\" data-e-type=\"widget\" data-widget_type=\"heading.default\">\n\t\t\t\t\t<h2 class=\"elementor-heading-title elementor-size-default\">Purpose of the website<\/h2>\t\t\t\t<\/div>\n\t\t\t\t<div class=\"elementor-element elementor-element-291ee12 elementor-widget elementor-widget-text-editor\" data-id=\"291ee12\" data-element_type=\"widget\" data-e-type=\"widget\" data-widget_type=\"text-editor.default\">\n\t\t\t\t\t\t\t\t\t<p>The purpose of this website is to provide information about CLUTX IT SOLUTIONS, offer clear details about our services, showcase how we work at Clutx and our commitments, and share customer testimonials with visitors to the site.<\/p>\t\t\t\t\t\t\t\t<\/div>\n\t\t\t\t<div class=\"elementor-element elementor-element-19b4eba elementor-widget elementor-widget-heading\" data-id=\"19b4eba\" data-element_type=\"widget\" data-e-type=\"widget\" data-widget_type=\"heading.default\">\n\t\t\t\t\t<h2 class=\"elementor-heading-title elementor-size-default\">Intellectual and Industrial Property<\/h2>\t\t\t\t<\/div>\n\t\t\t\t<div class=\"elementor-element elementor-element-86beeeb elementor-widget elementor-widget-text-editor\" data-id=\"86beeeb\" data-element_type=\"widget\" data-e-type=\"widget\" data-widget_type=\"text-editor.default\">\n\t\t\t\t\t\t\t\t\t<p>The legal basis for the processing of your data is your consent, which you may withdraw at any time without affecting the lawfulness of the processing carried out prior to such withdrawal. If you would like more information on this matter, please contact us at <a href=\"mailto:clutx@clutx.com\">clutx@clutx.com<\/a> <\/p>\t\t\t\t\t\t\t\t<\/div>\n\t\t\t\t<div class=\"elementor-element elementor-element-25a3016 elementor-widget elementor-widget-heading\" data-id=\"25a3016\" data-element_type=\"widget\" data-e-type=\"widget\" data-widget_type=\"heading.default\">\n\t\t\t\t\t<h2 class=\"elementor-heading-title elementor-size-default\">Data retention<\/h2>\t\t\t\t<\/div>\n\t\t\t\t<div class=\"elementor-element elementor-element-331f8e6 elementor-widget elementor-widget-text-editor\" data-id=\"331f8e6\" data-element_type=\"widget\" data-e-type=\"widget\" data-widget_type=\"text-editor.default\">\n\t\t\t\t\t\t\t\t\t<p data-start=\"118\" data-end=\"308\">All content on this website (text, images, logos, design, structure, etc.) is protected by intellectual property laws. Reproduction in whole or in part is prohibited without express authorization. <\/p>\t\t\t\t\t\t\t\t<\/div>\n\t\t\t\t<div class=\"elementor-element elementor-element-374b906 elementor-widget elementor-widget-heading\" data-id=\"374b906\" data-element_type=\"widget\" data-e-type=\"widget\" data-widget_type=\"heading.default\">\n\t\t\t\t\t<h2 class=\"elementor-heading-title elementor-size-default\">Responsibility:<\/h2>\t\t\t\t<\/div>\n\t\t\t\t<div class=\"elementor-element elementor-element-0166c92 elementor-widget elementor-widget-text-editor\" data-id=\"0166c92\" data-element_type=\"widget\" data-e-type=\"widget\" data-widget_type=\"text-editor.default\">\n\t\t\t\t\t\t\t\t\t<p><strong>Contents<\/strong><\/p><p>The Website Owner is not liable for any errors or omissions in the information or content provided through the Portal, nor for any specific application or use that may be made of such information or content. Access to the Portal does not imply any obligation on the part of the Owner or its staff to verify the truthfulness, accuracy, suitability, adequacy, completeness, or timeliness of the information and content.<br>The content of the website does not in any way constitute the provision of any legal service. The User is solely liable for any claim or legal action, whether judicial or extrajudicial, initiated by third parties against the Owner arising from the User\u2019s use of the website.<br>In such cases, the User shall bear the expenses, costs, and damages arising from such claims or legal actions.  <\/p><p><strong>How it works<\/strong><\/p><p>The Owner is not liable for any interference, omissions, interruptions, computer viruses, or other elements that may cause alterations to the User\u2019s systems or to their documents or files due to causes unrelated to the website. Similarly, the Owner assumes no liability for delays or blockages in the website\u2019s operation caused by deficiencies or overloads in telephone lines or the Internet, nor for damages caused by third parties through unlawful interference. The Owner reserves the right to suspend access to the Portal for maintenance, repair, and\/or improvement operations.  <\/p><p><strong>Links<\/strong><\/p><p>The Owner is not liable for the content and services of any websites that may be linked to the Portal beyond the liability established by Law 34\/2002 of July 12 on Information Society Services and Electronic Commerce, to the extent that it has actual knowledge of the unlawfulness of the content and services provided on the linked website and fails to deactivate the link with due diligence. If you wish to bring to our attention the existence of a link to a website with content that you consider inappropriate or unlawful, you may contact us at <a href=\"mailto:clutx@clutx.com\">clutx@clutx.com<\/a><a href=\"mailto:info@mediodesign.com\">.<\/a> <\/p>\t\t\t\t\t\t\t\t<\/div>\n\t\t\t\t<div class=\"elementor-element elementor-element-d8a0d87 elementor-widget elementor-widget-heading\" data-id=\"d8a0d87\" data-element_type=\"widget\" data-e-type=\"widget\" data-widget_type=\"heading.default\">\n\t\t\t\t\t<h2 class=\"elementor-heading-title elementor-size-default\">Applicable law and jurisdiction:<\/h2>\t\t\t\t<\/div>\n\t\t\t\t<div class=\"elementor-element elementor-element-78fdc68 elementor-widget elementor-widget-text-editor\" data-id=\"78fdc68\" data-element_type=\"widget\" data-e-type=\"widget\" data-widget_type=\"text-editor.default\">\n\t\t\t\t\t\t\t\t\t<p>This legal notice is governed by Spanish law. For the resolution of any dispute arising from access to the website, the user agrees to submit to the courts of Catalonia, waiving any other jurisdiction to which they might be entitled. <\/p>\t\t\t\t\t\t\t\t<\/div>\n\t\t\t\t<div class=\"elementor-element elementor-element-063028c elementor-widget elementor-widget-heading\" data-id=\"063028c\" data-element_type=\"widget\" data-e-type=\"widget\" data-widget_type=\"heading.default\">\n\t\t\t\t\t<h2 class=\"elementor-heading-title elementor-size-default\">Data Protection<\/h2>\t\t\t\t<\/div>\n\t\t\t\t<div class=\"elementor-element elementor-element-12f1a7b elementor-widget elementor-widget-text-editor\" data-id=\"12f1a7b\" data-element_type=\"widget\" data-e-type=\"widget\" data-widget_type=\"text-editor.default\">\n\t\t\t\t\t\t\t\t\t<p>Puede acceder a la informaci\u00f3n detallada respecto al tratamiento de los datos personales que el Titular lleva a t\u00e9rmino de los Usuarios visitando nuestra Pol\u00edtica de Privacidad.<\/p>\t\t\t\t\t\t\t\t<\/div>\n\t\t\t\t\t<\/div>\n\t\t\t\t<\/div>\n\t\t\t\t<\/div>\n\t\t\t\t<\/div>\n\t\t","protected":false},"excerpt":{"rendered":"<p>Legal Notice Introduction In compliance with Law 34\/2002 of July 11 on Information Society Services and Electronic Commerce (LSSI-CE), we hereby provide the following information: Website owner: Company Name: CLUTX IT SOLUTIONS SL Registered office: 53 Llobregat Street, 08758, Barcelona CIF: B67022772 Contact phone number: (+34) 902 75 74 73 contact E-mail: clutx@clutx.com Purpose of [&hellip;]<\/p>\n","protected":false},"author":1,"featured_media":0,"parent":0,"menu_order":0,"comment_status":"closed","ping_status":"closed","template":"elementor_header_footer","meta":{"footnotes":""},"class_list":["post-1613","page","type-page","status-publish","hentry"],"yoast_head":"<!-- This site is optimized with the Yoast SEO plugin v27.2 - https:\/\/yoast.com\/product\/yoast-seo-wordpress\/ -->\n<title>Legal Notice - Clutx<\/title>\n<meta name=\"robots\" content=\"index, follow, max-snippet:-1, max-image-preview:large, max-video-preview:-1\" \/>\n<link rel=\"canonical\" href=\"https:\/\/clutx.eu\/en\/legal-notice\/\" \/>\n<meta property=\"og:locale\" content=\"en_US\" \/>\n<meta property=\"og:type\" content=\"article\" \/>\n<meta property=\"og:title\" content=\"Legal Notice - Clutx\" \/>\n<meta property=\"og:description\" content=\"Legal Notice Introduction In compliance with Law 34\/2002 of July 11 on Information Society Services and Electronic Commerce (LSSI-CE), we hereby provide the following information: Website owner: Company Name: CLUTX IT SOLUTIONS SL Registered office: 53 Llobregat Street, 08758, Barcelona CIF: B67022772 Contact phone number: (+34) 902 75 74 73 contact E-mail: clutx@clutx.com Purpose of [&hellip;]\" \/>\n<meta property=\"og:url\" content=\"https:\/\/clutx.eu\/en\/legal-notice\/\" \/>\n<meta property=\"og:site_name\" content=\"Clutx\" \/>\n<meta property=\"article:modified_time\" content=\"2026-03-23T16:23:16+00:00\" \/>\n<meta property=\"og:image\" content=\"https:\/\/clutx.eu\/wp-content\/uploads\/2026\/03\/grande.png\" \/>\n\t<meta property=\"og:image:width\" content=\"1894\" \/>\n\t<meta property=\"og:image:height\" content=\"1570\" \/>\n\t<meta property=\"og:image:type\" content=\"image\/png\" \/>\n<meta name=\"twitter:card\" content=\"summary_large_image\" \/>\n<meta name=\"twitter:label1\" content=\"Est. reading time\" \/>\n\t<meta name=\"twitter:data1\" content=\"3 minutes\" \/>\n<script type=\"application\/ld+json\" class=\"yoast-schema-graph\">{\"@context\":\"https:\/\/schema.org\",\"@graph\":[{\"@type\":\"WebPage\",\"@id\":\"https:\/\/clutx.eu\/en\/legal-notice\/\",\"url\":\"https:\/\/clutx.eu\/en\/legal-notice\/\",\"name\":\"Legal Notice - Clutx\",\"isPartOf\":{\"@id\":\"https:\/\/clutx.eu\/#website\"},\"primaryImageOfPage\":{\"@id\":\"https:\/\/clutx.eu\/en\/legal-notice\/#primaryimage\"},\"image\":{\"@id\":\"https:\/\/clutx.eu\/en\/legal-notice\/#primaryimage\"},\"thumbnailUrl\":\"https:\/\/clutx.eu\/wp-content\/uploads\/2026\/03\/grande-1536x1273.png\",\"datePublished\":\"2026-03-20T11:02:44+00:00\",\"dateModified\":\"2026-03-23T16:23:16+00:00\",\"breadcrumb\":{\"@id\":\"https:\/\/clutx.eu\/en\/legal-notice\/#breadcrumb\"},\"inLanguage\":\"en-US\",\"potentialAction\":[{\"@type\":\"ReadAction\",\"target\":[\"https:\/\/clutx.eu\/en\/legal-notice\/\"]}]},{\"@type\":\"ImageObject\",\"inLanguage\":\"en-US\",\"@id\":\"https:\/\/clutx.eu\/en\/legal-notice\/#primaryimage\",\"url\":\"https:\/\/clutx.eu\/wp-content\/uploads\/2026\/03\/grande-1536x1273.png\",\"contentUrl\":\"https:\/\/clutx.eu\/wp-content\/uploads\/2026\/03\/grande-1536x1273.png\"},{\"@type\":\"BreadcrumbList\",\"@id\":\"https:\/\/clutx.eu\/en\/legal-notice\/#breadcrumb\",\"itemListElement\":[{\"@type\":\"ListItem\",\"position\":1,\"name\":\"Portada\",\"item\":\"https:\/\/clutx.eu\/en\/home\/\"},{\"@type\":\"ListItem\",\"position\":2,\"name\":\"Legal Notice\"}]},{\"@type\":\"WebSite\",\"@id\":\"https:\/\/clutx.eu\/#website\",\"url\":\"https:\/\/clutx.eu\/\",\"name\":\"Clutx IT Solutions SL\",\"description\":\"Solutions\",\"potentialAction\":[{\"@type\":\"SearchAction\",\"target\":{\"@type\":\"EntryPoint\",\"urlTemplate\":\"https:\/\/clutx.eu\/?s={search_term_string}\"},\"query-input\":{\"@type\":\"PropertyValueSpecification\",\"valueRequired\":true,\"valueName\":\"search_term_string\"}}],\"inLanguage\":\"en-US\"}]}<\/script>\n<!-- \/ Yoast SEO plugin. -->","yoast_head_json":{"title":"Legal Notice - Clutx","robots":{"index":"index","follow":"follow","max-snippet":"max-snippet:-1","max-image-preview":"max-image-preview:large","max-video-preview":"max-video-preview:-1"},"canonical":"https:\/\/clutx.eu\/en\/legal-notice\/","og_locale":"en_US","og_type":"article","og_title":"Legal Notice - Clutx","og_description":"Legal Notice Introduction In compliance with Law 34\/2002 of July 11 on Information Society Services and Electronic Commerce (LSSI-CE), we hereby provide the following information: Website owner: Company Name: CLUTX IT SOLUTIONS SL Registered office: 53 Llobregat Street, 08758, Barcelona CIF: B67022772 Contact phone number: (+34) 902 75 74 73 contact E-mail: clutx@clutx.com Purpose of [&hellip;]","og_url":"https:\/\/clutx.eu\/en\/legal-notice\/","og_site_name":"Clutx","article_modified_time":"2026-03-23T16:23:16+00:00","og_image":[{"width":1894,"height":1570,"url":"https:\/\/clutx.eu\/wp-content\/uploads\/2026\/03\/grande.png","type":"image\/png"}],"twitter_card":"summary_large_image","twitter_misc":{"Est. reading time":"3 minutes"},"schema":{"@context":"https:\/\/schema.org","@graph":[{"@type":"WebPage","@id":"https:\/\/clutx.eu\/en\/legal-notice\/","url":"https:\/\/clutx.eu\/en\/legal-notice\/","name":"Legal Notice - Clutx","isPartOf":{"@id":"https:\/\/clutx.eu\/#website"},"primaryImageOfPage":{"@id":"https:\/\/clutx.eu\/en\/legal-notice\/#primaryimage"},"image":{"@id":"https:\/\/clutx.eu\/en\/legal-notice\/#primaryimage"},"thumbnailUrl":"https:\/\/clutx.eu\/wp-content\/uploads\/2026\/03\/grande-1536x1273.png","datePublished":"2026-03-20T11:02:44+00:00","dateModified":"2026-03-23T16:23:16+00:00","breadcrumb":{"@id":"https:\/\/clutx.eu\/en\/legal-notice\/#breadcrumb"},"inLanguage":"en-US","potentialAction":[{"@type":"ReadAction","target":["https:\/\/clutx.eu\/en\/legal-notice\/"]}]},{"@type":"ImageObject","inLanguage":"en-US","@id":"https:\/\/clutx.eu\/en\/legal-notice\/#primaryimage","url":"https:\/\/clutx.eu\/wp-content\/uploads\/2026\/03\/grande-1536x1273.png","contentUrl":"https:\/\/clutx.eu\/wp-content\/uploads\/2026\/03\/grande-1536x1273.png"},{"@type":"BreadcrumbList","@id":"https:\/\/clutx.eu\/en\/legal-notice\/#breadcrumb","itemListElement":[{"@type":"ListItem","position":1,"name":"Portada","item":"https:\/\/clutx.eu\/en\/home\/"},{"@type":"ListItem","position":2,"name":"Legal Notice"}]},{"@type":"WebSite","@id":"https:\/\/clutx.eu\/#website","url":"https:\/\/clutx.eu\/","name":"Clutx IT Solutions SL","description":"Solutions","potentialAction":[{"@type":"SearchAction","target":{"@type":"EntryPoint","urlTemplate":"https:\/\/clutx.eu\/?s={search_term_string}"},"query-input":{"@type":"PropertyValueSpecification","valueRequired":true,"valueName":"search_term_string"}}],"inLanguage":"en-US"}]}},"_links":{"self":[{"href":"https:\/\/clutx.eu\/en\/wp-json\/wp\/v2\/pages\/1613","targetHints":{"allow":["GET"]}}],"collection":[{"href":"https:\/\/clutx.eu\/en\/wp-json\/wp\/v2\/pages"}],"about":[{"href":"https:\/\/clutx.eu\/en\/wp-json\/wp\/v2\/types\/page"}],"author":[{"embeddable":true,"href":"https:\/\/clutx.eu\/en\/wp-json\/wp\/v2\/users\/1"}],"replies":[{"embeddable":true,"href":"https:\/\/clutx.eu\/en\/wp-json\/wp\/v2\/comments?post=1613"}],"version-history":[{"count":1,"href":"https:\/\/clutx.eu\/en\/wp-json\/wp\/v2\/pages\/1613\/revisions"}],"predecessor-version":[{"id":1614,"href":"https:\/\/clutx.eu\/en\/wp-json\/wp\/v2\/pages\/1613\/revisions\/1614"}],"wp:attachment":[{"href":"https:\/\/clutx.eu\/en\/wp-json\/wp\/v2\/media?parent=1613"}],"curies":[{"name":"wp","href":"https:\/\/api.w.org\/{rel}","templated":true}]}}